{"id":1670,"date":"2022-12-07T08:50:49","date_gmt":"2022-12-07T07:50:49","guid":{"rendered":"https:\/\/emonacenter.com\/wp\/?page_id=1670"},"modified":"2024-09-10T15:33:53","modified_gmt":"2024-09-10T14:33:53","slug":"apliko","status":"publish","type":"page","link":"https:\/\/emonacenter.com\/en\/apliko\/","title":{"rendered":"Apliko"},"content":{"rendered":"\t\t<div data-elementor-type=\"wp-page\" data-elementor-id=\"1670\" class=\"elementor elementor-1670\" data-elementor-post-type=\"page\">\n\t\t\t\t\t\t<section class=\"elementor-section elementor-top-section elementor-element elementor-element-cdf01bf elementor-section-boxed elementor-section-height-default elementor-section-height-default\" data-id=\"cdf01bf\" data-element_type=\"section\" data-e-type=\"section\">\n\t\t\t\t\t\t<div class=\"elementor-container elementor-column-gap-default\">\n\t\t\t\t\t<div class=\"elementor-column elementor-col-100 elementor-top-column elementor-element elementor-element-9e85ddf\" data-id=\"9e85ddf\" data-element_type=\"column\" data-e-type=\"column\">\n\t\t\t<div class=\"elementor-widget-wrap elementor-element-populated\">\n\t\t\t\t\t\t<section class=\"elementor-section elementor-inner-section elementor-element elementor-element-d1dfac5 elementor-section-boxed elementor-section-height-default elementor-section-height-default\" data-id=\"d1dfac5\" data-element_type=\"section\" data-e-type=\"section\" data-settings=\"{&quot;background_background&quot;:&quot;classic&quot;}\">\n\t\t\t\t\t\t<div class=\"elementor-container elementor-column-gap-default\">\n\t\t\t\t\t<div class=\"elementor-column elementor-col-100 elementor-inner-column elementor-element elementor-element-21ffedd\" data-id=\"21ffedd\" data-element_type=\"column\" data-e-type=\"column\">\n\t\t\t<div class=\"elementor-widget-wrap elementor-element-populated\">\n\t\t\t\t\t\t<div class=\"elementor-element elementor-element-9f3fe35 elementor-widget elementor-widget-heading\" data-id=\"9f3fe35\" data-element_type=\"widget\" data-e-type=\"widget\" data-widget_type=\"heading.default\">\n\t\t\t\t<div class=\"elementor-widget-container\">\n\t\t\t\t\t<h2 class=\"elementor-heading-title elementor-size-default\">Apliko p\u00ebr pun\u00eb<\/h2>\t\t\t\t<\/div>\n\t\t\t\t<\/div>\n\t\t\t\t<div class=\"elementor-element elementor-element-a3e6245 elementor-widget elementor-widget-text-editor\" data-id=\"a3e6245\" data-element_type=\"widget\" data-e-type=\"widget\" data-widget_type=\"text-editor.default\">\n\t\t\t\t<div class=\"elementor-widget-container\">\n\t\t\t\t\t\t\t\t\t<p><span style=\"font-weight: 400;\">Ju lutemi plot\u00ebsoni formularin<\/span><\/p>\t\t\t\t\t\t\t\t<\/div>\n\t\t\t\t<\/div>\n\t\t\t\t<div class=\"elementor-element elementor-element-812ff37 elementor-button-align-stretch elementor-widget elementor-widget-form\" data-id=\"812ff37\" data-element_type=\"widget\" data-e-type=\"widget\" data-settings=\"{&quot;button_width&quot;:&quot;75&quot;,&quot;step_next_label&quot;:&quot;Next&quot;,&quot;step_previous_label&quot;:&quot;Previous&quot;,&quot;step_type&quot;:&quot;number_text&quot;,&quot;step_icon_shape&quot;:&quot;circle&quot;}\" data-widget_type=\"form.default\">\n\t\t\t\t<div class=\"elementor-widget-container\">\n\t\t\t\t\t\t\t<form class=\"elementor-form\" method=\"post\" name=\"Aplikim per pune\">\n\t\t\t<input type=\"hidden\" name=\"post_id\" value=\"1670\"\/>\n\t\t\t<input type=\"hidden\" name=\"form_id\" value=\"812ff37\"\/>\n\t\t\t<input type=\"hidden\" name=\"referer_title\" value=\"Apliko - Emona Center\" \/>\n\n\t\t\t\t\t\t\t<input type=\"hidden\" name=\"queried_id\" value=\"1670\"\/>\n\t\t\t\n\t\t\t<div class=\"elementor-form-fields-wrapper elementor-labels-above\">\n\t\t\t\t\t\t\t\t<div class=\"elementor-field-type-text elementor-field-group elementor-column elementor-field-group-name elementor-col-75\">\n\t\t\t\t\t\t\t\t\t\t\t\t<label for=\"form-field-name\" class=\"elementor-field-label\">\n\t\t\t\t\t\t\t\tTitulli i pozit\u00ebs\t\t\t\t\t\t\t<\/label>\n\t\t\t\t\t\t\t\t\t\t\t\t\t\t<input size=\"1\" type=\"text\" name=\"form_fields[name]\" id=\"form-field-name\" class=\"elementor-field elementor-size-md  elementor-field-textual\" placeholder=\"Account Manager, Sale Agent etc...\">\n\t\t\t\t\t\t\t\t\t\t\t<\/div>\n\t\t\t\t\t\t\t\t<div class=\"elementor-field-type-select elementor-field-group elementor-column elementor-field-group-email elementor-col-75 elementor-field-required\">\n\t\t\t\t\t\t\t\t\t\t\t\t<label for=\"form-field-email\" class=\"elementor-field-label\">\n\t\t\t\t\t\t\t\t Lokacioni\t\t\t\t\t\t\t<\/label>\n\t\t\t\t\t\t\t\t<div class=\"elementor-field elementor-select-wrapper remove-before \">\n\t\t\t<div class=\"select-caret-down-wrapper\">\n\t\t\t\t<i aria-hidden=\"true\" class=\"eicon-caret-down\"><\/i>\t\t\t<\/div>\n\t\t\t<select name=\"form_fields[email]\" id=\"form-field-email\" class=\"elementor-field-textual elementor-size-md\" required=\"required\" aria-required=\"true\">\n\t\t\t\t\t\t\t\t\t<option value=\"Prishtin\u00eb\">Prishtin\u00eb<\/option>\n\t\t\t\t\t\t\t\t\t<option value=\"Fush\u00eb_Kosov\u00eb\">Fush\u00eb Kosov\u00eb<\/option>\n\t\t\t\t\t\t\t\t\t<option value=\"Ferizaj\">Ferizaj<\/option>\n\t\t\t\t\t\t\t\t\t<option value=\"Vushtrri\">Vushtrri<\/option>\n\t\t\t\t\t\t\t\t\t<option value=\"Mitrovic\u00eb\">Mitrovic\u00eb<\/option>\n\t\t\t\t\t\t\t\t\t<option value=\"Lipjan\">Lipjan<\/option>\n\t\t\t\t\t\t\t\t\t<option value=\"Obiliq\">Obiliq<\/option>\n\t\t\t\t\t\t\t<\/select>\n\t\t<\/div>\n\t\t\t\t\t\t<\/div>\n\t\t\t\t\t\t\t\t<div class=\"elementor-field-type-radio elementor-field-group elementor-column elementor-field-group-field_6754342 elementor-col-70 elementor-field-required\">\n\t\t\t\t\t\t\t\t\t\t\t\t<label for=\"form-field-field_6754342\" class=\"elementor-field-label\">\n\t\t\t\t\t\t\t\tGjinia\t\t\t\t\t\t\t<\/label>\n\t\t\t\t\t\t<div class=\"elementor-field-subgroup  elementor-subgroup-inline\"><span class=\"elementor-field-option\"><input type=\"radio\" value=\"Fem\u00ebr\" id=\"form-field-field_6754342-0\" name=\"form_fields[field_6754342]\" required=\"required\" aria-required=\"true\"> <label for=\"form-field-field_6754342-0\">Fem\u00ebr<\/label><\/span><span class=\"elementor-field-option\"><input type=\"radio\" value=\"Mashkull\" id=\"form-field-field_6754342-1\" name=\"form_fields[field_6754342]\" required=\"required\" aria-required=\"true\"> <label for=\"form-field-field_6754342-1\">Mashkull<\/label><\/span><\/div>\t\t\t\t<\/div>\n\t\t\t\t\t\t\t\t<div class=\"elementor-field-type-radio elementor-field-group elementor-column elementor-field-group-field_7676933 elementor-col-70 elementor-field-required\">\n\t\t\t\t\t\t\t\t\t\t\t\t<label for=\"form-field-field_7676933\" class=\"elementor-field-label\">\n\t\t\t\t\t\t\t\tPatent\u00eb Shofer\t\t\t\t\t\t\t<\/label>\n\t\t\t\t\t\t<div class=\"elementor-field-subgroup  elementor-subgroup-inline\"><span class=\"elementor-field-option\"><input type=\"radio\" value=\"Po\" id=\"form-field-field_7676933-0\" name=\"form_fields[field_7676933]\" required=\"required\" aria-required=\"true\"> <label for=\"form-field-field_7676933-0\">Po<\/label><\/span><span class=\"elementor-field-option\"><input type=\"radio\" value=\" Jo\" id=\"form-field-field_7676933-1\" name=\"form_fields[field_7676933]\" required=\"required\" aria-required=\"true\"> <label for=\"form-field-field_7676933-1\">Jo <\/label><\/span><\/div>\t\t\t\t<\/div>\n\t\t\t\t\t\t\t\t<div class=\"elementor-field-type-select elementor-field-group elementor-column elementor-field-group-field_3538b44 elementor-col-75 elementor-field-required\">\n\t\t\t\t\t\t\t\t\t\t\t\t<label for=\"form-field-field_3538b44\" class=\"elementor-field-label\">\n\t\t\t\t\t\t\t\t P\u00ebrgatitje shkollore\t\t\t\t\t\t\t<\/label>\n\t\t\t\t\t\t\t\t<div class=\"elementor-field elementor-select-wrapper remove-before \">\n\t\t\t<div class=\"select-caret-down-wrapper\">\n\t\t\t\t<i aria-hidden=\"true\" class=\"eicon-caret-down\"><\/i>\t\t\t<\/div>\n\t\t\t<select name=\"form_fields[field_3538b44]\" id=\"form-field-field_3538b44\" class=\"elementor-field-textual elementor-size-md\" required=\"required\" aria-required=\"true\">\n\t\t\t\t\t\t\t\t\t<option value=\"Select one that apply\">Select one that apply<\/option>\n\t\t\t\t\t\t\t\t\t<option value=\"Shkolla Fillore\">Shkolla Fillore<\/option>\n\t\t\t\t\t\t\t\t\t<option value=\"Shkolla e mesme\">Shkolla e mesme<\/option>\n\t\t\t\t\t\t\t\t\t<option value=\"Bachelor\">Bachelor<\/option>\n\t\t\t\t\t\t\t\t\t<option value=\"Master\">Master<\/option>\n\t\t\t\t\t\t\t<\/select>\n\t\t<\/div>\n\t\t\t\t\t\t<\/div>\n\t\t\t\t\t\t\t\t<div class=\"elementor-field-type-textarea elementor-field-group elementor-column elementor-field-group-message elementor-col-75\">\n\t\t\t\t\t\t\t\t\t\t\t\t<label for=\"form-field-message\" class=\"elementor-field-label\">\n\t\t\t\t\t\t\t\tShkruani m\u00eb shum\u00eb\t\t\t\t\t\t\t<\/label>\n\t\t\t\t\t\t<textarea class=\"elementor-field-textual elementor-field  elementor-size-md\" name=\"form_fields[message]\" id=\"form-field-message\" rows=\"4\" placeholder=\"Message\"><\/textarea>\t\t\t\t<\/div>\n\t\t\t\t\t\t\t\t<div class=\"elementor-field-type-radio elementor-field-group elementor-column elementor-field-group-field_5d2e0e3 elementor-col-70\">\n\t\t\t\t\t\t\t\t\t\t\t\t<label for=\"form-field-field_5d2e0e3\" class=\"elementor-field-label\">\n\t\t\t\t\t\t\t\tA njihni dik\u00eb q\u00eb punon n\u00eb kompanin\u00eb Emona Center\t\t\t\t\t\t\t<\/label>\n\t\t\t\t\t\t<div class=\"elementor-field-subgroup  elementor-subgroup-inline\"><span class=\"elementor-field-option\"><input type=\"radio\" value=\"Po\" id=\"form-field-field_5d2e0e3-0\" name=\"form_fields[field_5d2e0e3]\"> <label for=\"form-field-field_5d2e0e3-0\">Po<\/label><\/span><span class=\"elementor-field-option\"><input type=\"radio\" value=\"Jo\" id=\"form-field-field_5d2e0e3-1\" name=\"form_fields[field_5d2e0e3]\"> <label for=\"form-field-field_5d2e0e3-1\">Jo<\/label><\/span><\/div>\t\t\t\t<\/div>\n\t\t\t\t\t\t\t\t<div class=\"elementor-field-type-upload elementor-field-group elementor-column elementor-field-group-field_5be5a14 elementor-col-75\">\n\t\t\t\t\t\t\t\t\t\t\t\t<label for=\"form-field-field_5be5a14\" class=\"elementor-field-label\">\n\t\t\t\t\t\t\t\tNgarkoni CV-n\u00eb tuaj\t\t\t\t\t\t\t<\/label>\n\t\t\t\t\t\t\t\t<input type=\"file\" name=\"form_fields[field_5be5a14]\" id=\"form-field-field_5be5a14\" class=\"elementor-field elementor-size-md  elementor-upload-field\" data-maxsize=\"25\" data-maxsize-message=\"This file exceeds the maximum allowed size.\">\n\n\t\t\t\t\t\t<\/div>\n\t\t\t\t\t\t\t\t<div class=\"elementor-field-group elementor-column elementor-field-type-submit elementor-col-75 e-form__buttons\">\n\t\t\t\t\t<button class=\"elementor-button elementor-size-sm\" type=\"submit\">\n\t\t\t\t\t\t<span class=\"elementor-button-content-wrapper\">\n\t\t\t\t\t\t\t\t\t\t\t\t\t\t\t\t\t\t\t\t\t\t<span class=\"elementor-button-text\">D\u00ebrgo<\/span>\n\t\t\t\t\t\t\t\t\t\t\t\t\t<\/span>\n\t\t\t\t\t<\/button>\n\t\t\t\t<\/div>\n\t\t\t<\/div>\n\t\t<\/form>\n\t\t\t\t\t\t<\/div>\n\t\t\t\t<\/div>\n\t\t\t\t\t<\/div>\n\t\t<\/div>\n\t\t\t\t\t<\/div>\n\t\t<\/section>\n\t\t\t\t\t<\/div>\n\t\t<\/div>\n\t\t\t\t\t<\/div>\n\t\t<\/section>\n\t\t\t\t<\/div>\n\t\t","protected":false},"excerpt":{"rendered":"<p>Apliko p\u00ebr pun\u00eb Ju lutemi plot\u00ebsoni formularin<\/p>","protected":false},"author":1,"featured_media":0,"parent":0,"menu_order":0,"comment_status":"closed","ping_status":"closed","template":"","meta":{"footnotes":""},"class_list":["post-1670","page","type-page","status-publish","hentry"],"aioseo_notices":[],"_links":{"self":[{"href":"https:\/\/emonacenter.com\/en\/wp-json\/wp\/v2\/pages\/1670","targetHints":{"allow":["GET"]}}],"collection":[{"href":"https:\/\/emonacenter.com\/en\/wp-json\/wp\/v2\/pages"}],"about":[{"href":"https:\/\/emonacenter.com\/en\/wp-json\/wp\/v2\/types\/page"}],"author":[{"embeddable":true,"href":"https:\/\/emonacenter.com\/en\/wp-json\/wp\/v2\/users\/1"}],"replies":[{"embeddable":true,"href":"https:\/\/emonacenter.com\/en\/wp-json\/wp\/v2\/comments?post=1670"}],"version-history":[{"count":1,"href":"https:\/\/emonacenter.com\/en\/wp-json\/wp\/v2\/pages\/1670\/revisions"}],"predecessor-version":[{"id":4619,"href":"https:\/\/emonacenter.com\/en\/wp-json\/wp\/v2\/pages\/1670\/revisions\/4619"}],"wp:attachment":[{"href":"https:\/\/emonacenter.com\/en\/wp-json\/wp\/v2\/media?parent=1670"}],"curies":[{"name":"wp","href":"https:\/\/api.w.org\/{rel}","templated":true}]}}