{"id":240,"date":"2022-11-25T09:50:44","date_gmt":"2022-11-25T08:50:44","guid":{"rendered":"https:\/\/emonacenter.com\/wp\/?page_id=240"},"modified":"2024-09-10T15:35:34","modified_gmt":"2024-09-10T14:35:34","slug":"rreth-nesh","status":"publish","type":"page","link":"https:\/\/emonacenter.com\/en\/rreth-nesh\/","title":{"rendered":"About Us"},"content":{"rendered":"<div data-elementor-type=\"wp-page\" data-elementor-id=\"240\" class=\"elementor elementor-240\" data-elementor-post-type=\"page\">\n\t\t\t\t\t\t<section class=\"elementor-section elementor-top-section elementor-element elementor-element-ac88529 elementor-section-boxed elementor-section-height-default elementor-section-height-default\" data-id=\"ac88529\" data-element_type=\"section\" data-e-type=\"section\">\n\t\t\t\t\t\t<div class=\"elementor-container elementor-column-gap-default\">\n\t\t\t\t\t<div class=\"elementor-column elementor-col-100 elementor-top-column elementor-element elementor-element-23a0a42\" data-id=\"23a0a42\" data-element_type=\"column\" data-e-type=\"column\">\n\t\t\t<div class=\"elementor-widget-wrap elementor-element-populated\">\n\t\t\t\t\t\t<div class=\"elementor-element elementor-element-67d723b elementor-widget elementor-widget-image\" data-id=\"67d723b\" data-element_type=\"widget\" data-e-type=\"widget\" data-widget_type=\"image.default\">\n\t\t\t\t<div class=\"elementor-widget-container\">\n\t\t\t\t\t\t\t\t\t\t\t\t\t\t\t<img fetchpriority=\"high\" decoding=\"async\" width=\"1215\" height=\"300\" src=\"https:\/\/emonacenter.com\/wp-content\/uploads\/2022\/12\/Web-1920-\u2013-1-2.png\" class=\"attachment-full size-full wp-image-4270\" alt=\"\" srcset=\"https:\/\/emonacenter.com\/wp-content\/uploads\/2022\/12\/Web-1920-\u2013-1-2.png 1215w, https:\/\/emonacenter.com\/wp-content\/uploads\/2022\/12\/Web-1920-\u2013-1-2-300x74.png 300w, https:\/\/emonacenter.com\/wp-content\/uploads\/2022\/12\/Web-1920-\u2013-1-2-1024x253.png 1024w, https:\/\/emonacenter.com\/wp-content\/uploads\/2022\/12\/Web-1920-\u2013-1-2-768x190.png 768w\" sizes=\"(max-width: 1215px) 100vw, 1215px\" \/>\t\t\t\t\t\t\t\t\t\t\t\t\t\t\t<\/div>\n\t\t\t\t<\/div>\n\t\t\t\t\t<\/div>\n\t\t<\/div>\n\t\t\t\t\t<\/div>\n\t\t<\/section>\n\t\t\t\t<section class=\"elementor-section elementor-top-section elementor-element elementor-element-322c61c elementor-section-boxed elementor-section-height-default elementor-section-height-default\" data-id=\"322c61c\" data-element_type=\"section\" data-e-type=\"section\">\n\t\t\t\t\t\t<div class=\"elementor-container elementor-column-gap-default\">\n\t\t\t\t\t<div class=\"elementor-column elementor-col-100 elementor-top-column elementor-element elementor-element-6da98da\" data-id=\"6da98da\" data-element_type=\"column\" data-e-type=\"column\">\n\t\t\t<div class=\"elementor-widget-wrap elementor-element-populated\">\n\t\t\t\t\t\t<div class=\"elementor-element elementor-element-d62f813 elementor-widget elementor-widget-heading\" data-id=\"d62f813\" data-element_type=\"widget\" data-e-type=\"widget\" data-widget_type=\"heading.default\">\n\t\t\t\t<div class=\"elementor-widget-container\">\n\t\t\t\t\t<h2 class=\"elementor-heading-title elementor-size-default\">About Us<\/h2>\t\t\t\t<\/div>\n\t\t\t\t<\/div>\n\t\t\t\t<div class=\"elementor-element elementor-element-124ff75 elementor-widget elementor-widget-text-editor\" data-id=\"124ff75\" data-element_type=\"widget\" data-e-type=\"widget\" data-widget_type=\"text-editor.default\">\n\t\t\t\t<div class=\"elementor-widget-container\">\n\t\t\t\t\t\t\t\t\t<p>Emona Center is a wholesale, retail, and construction company. Back in 1976, started its operation<br> as a business of Mikullovci family.<br \/>Riza and Agron Mikullovci as founders opened their way to the new generation with a single message that serving our customers with honesty is one of our core values.<br \/>Our company is characterized by gradual growth, without fuss and dramatic developments, which shows a good example of a healthy and long-term development of our business. Emona Center currently operates with 18 locations, in 7 different cities of Kosovo. The result of our continuous growth year after year is \"OFFER, SERVICE AND QUALITY\", which we provide to our customers without interruption.<\/p><p>Today, we are proud to be the only supermarket chain in Kosovo that has been decorated 3 times in a row with<br \/>international awards for service and quality.<\/p><p>INTERNATIONAL STAR AWARD for QUALITY, Geneva 2017.<br \/>INTERNATIONAL AWARD in EXCELLENCE and QUALITY, Frankfurt 2018.<br \/>QUALITY&amp;INNOVATION and EXCELLENCE, Madrid 2021.<\/p><p>No matter the level we\u2019re at, something that is unique is the feeling of being part of a family.<\/p>\t\t\t\t\t\t\t\t<\/div>\n\t\t\t\t<\/div>\n\t\t\t\t\t<\/div>\n\t\t<\/div>\n\t\t\t\t\t<\/div>\n\t\t<\/section>\n\t\t\t\t<section class=\"elementor-section elementor-top-section elementor-element elementor-element-246ae7a elementor-section-boxed elementor-section-height-default elementor-section-height-default\" data-id=\"246ae7a\" data-element_type=\"section\" data-e-type=\"section\" data-settings=\"{&quot;background_background&quot;:&quot;classic&quot;}\">\n\t\t\t\t\t\t<div class=\"elementor-container elementor-column-gap-default\">\n\t\t\t\t\t<div class=\"elementor-column elementor-col-100 elementor-top-column elementor-element elementor-element-335ea5f\" data-id=\"335ea5f\" data-element_type=\"column\" data-e-type=\"column\">\n\t\t\t<div class=\"elementor-widget-wrap elementor-element-populated\">\n\t\t\t\t\t\t<div class=\"elementor-element elementor-element-b1f00e6 elementor-widget elementor-widget-heading\" data-id=\"b1f00e6\" data-element_type=\"widget\" data-e-type=\"widget\" data-widget_type=\"heading.default\">\n\t\t\t\t<div class=\"elementor-widget-container\">\n\t\t\t\t\t<h2 class=\"elementor-heading-title elementor-size-default\">Company\u2019s Focus<\/h2>\t\t\t\t<\/div>\n\t\t\t\t<\/div>\n\t\t\t\t<div class=\"elementor-element elementor-element-9b9f966 elementor-widget elementor-widget-text-editor\" data-id=\"9b9f966\" data-element_type=\"widget\" data-e-type=\"widget\" data-widget_type=\"text-editor.default\">\n\t\t\t\t<div class=\"elementor-widget-container\">\n\t\t\t\t\t\t\t\t\t<p>The core focus of our company is the cooperation<\/p>\t\t\t\t\t\t\t\t<\/div>\n\t\t\t\t<\/div>\n\t\t\t\t<section class=\"elementor-section elementor-inner-section elementor-element elementor-element-e2cf5dc elementor-section-boxed elementor-section-height-default elementor-section-height-default\" data-id=\"e2cf5dc\" data-element_type=\"section\" data-e-type=\"section\">\n\t\t\t\t\t\t<div class=\"elementor-container elementor-column-gap-default\">\n\t\t\t\t\t<div class=\"elementor-column elementor-col-33 elementor-inner-column elementor-element elementor-element-6c5698f\" data-id=\"6c5698f\" data-element_type=\"column\" data-e-type=\"column\">\n\t\t\t<div class=\"elementor-widget-wrap elementor-element-populated\">\n\t\t\t\t\t\t<div class=\"elementor-element elementor-element-ec8e36c elementor-position-top elementor-widget elementor-widget-image-box\" data-id=\"ec8e36c\" data-element_type=\"widget\" data-e-type=\"widget\" data-widget_type=\"image-box.default\">\n\t\t\t\t<div class=\"elementor-widget-container\">\n\t\t\t\t\t<div class=\"elementor-image-box-wrapper\"><figure class=\"elementor-image-box-img\"><img decoding=\"async\" width=\"78\" height=\"78\" src=\"https:\/\/emonacenter.com\/wp-content\/uploads\/2022\/12\/Group-427322581-1.png\" class=\"attachment-full size-full wp-image-2925\" alt=\"\" \/><\/figure><div class=\"elementor-image-box-content\"><h3 class=\"elementor-image-box-title\">Qualitative Products<\/h3><p class=\"elementor-image-box-description\">We bring the best products <br>to your families tables<\/p><\/div><\/div>\t\t\t\t<\/div>\n\t\t\t\t<\/div>\n\t\t\t\t\t<\/div>\n\t\t<\/div>\n\t\t\t\t<div class=\"elementor-column elementor-col-33 elementor-inner-column elementor-element elementor-element-94d7191\" data-id=\"94d7191\" data-element_type=\"column\" data-e-type=\"column\">\n\t\t\t<div class=\"elementor-widget-wrap elementor-element-populated\">\n\t\t\t\t\t\t<div class=\"elementor-element elementor-element-6e66482 elementor-position-top elementor-widget elementor-widget-image-box\" data-id=\"6e66482\" data-element_type=\"widget\" data-e-type=\"widget\" data-widget_type=\"image-box.default\">\n\t\t\t\t<div class=\"elementor-widget-container\">\n\t\t\t\t\t<div class=\"elementor-image-box-wrapper\"><figure class=\"elementor-image-box-img\"><img decoding=\"async\" width=\"78\" height=\"78\" src=\"https:\/\/emonacenter.com\/wp-content\/uploads\/2022\/12\/Group-427322032.png\" class=\"attachment-full size-full wp-image-2650\" alt=\"\" \/><\/figure><div class=\"elementor-image-box-content\"><h3 class=\"elementor-image-box-title\">Satisfied staff<\/h3><p class=\"elementor-image-box-description\">We make sure <br> helpful and collaborative<\/p><\/div><\/div>\t\t\t\t<\/div>\n\t\t\t\t<\/div>\n\t\t\t\t\t<\/div>\n\t\t<\/div>\n\t\t\t\t<div class=\"elementor-column elementor-col-33 elementor-inner-column elementor-element elementor-element-170ab1f\" data-id=\"170ab1f\" data-element_type=\"column\" data-e-type=\"column\">\n\t\t\t<div class=\"elementor-widget-wrap elementor-element-populated\">\n\t\t\t\t\t\t<div class=\"elementor-element elementor-element-e41e2b2 elementor-position-top elementor-widget elementor-widget-image-box\" data-id=\"e41e2b2\" data-element_type=\"widget\" data-e-type=\"widget\" data-widget_type=\"image-box.default\">\n\t\t\t\t<div class=\"elementor-widget-container\">\n\t\t\t\t\t<div class=\"elementor-image-box-wrapper\"><figure class=\"elementor-image-box-img\"><img loading=\"lazy\" decoding=\"async\" width=\"78\" height=\"78\" src=\"https:\/\/emonacenter.com\/wp-content\/uploads\/2022\/12\/Group-427322031-1.png\" class=\"attachment-full size-full wp-image-2649\" alt=\"\" \/><\/figure><div class=\"elementor-image-box-content\"><h3 class=\"elementor-image-box-title\">Happy Clients<\/h3><p class=\"elementor-image-box-description\">Client Satisfaction is our<br> focus and responsibility\n<\/p><\/div><\/div>\t\t\t\t<\/div>\n\t\t\t\t<\/div>\n\t\t\t\t\t<\/div>\n\t\t<\/div>\n\t\t\t\t\t<\/div>\n\t\t<\/section>\n\t\t\t\t<section class=\"elementor-section elementor-inner-section elementor-element elementor-element-f69ee32 elementor-section-boxed elementor-section-height-default elementor-section-height-default\" data-id=\"f69ee32\" data-element_type=\"section\" data-e-type=\"section\">\n\t\t\t\t\t\t<div class=\"elementor-container elementor-column-gap-default\">\n\t\t\t\t\t<div class=\"elementor-column elementor-col-33 elementor-inner-column elementor-element elementor-element-9f55a4f\" data-id=\"9f55a4f\" data-element_type=\"column\" data-e-type=\"column\">\n\t\t\t<div class=\"elementor-widget-wrap elementor-element-populated\">\n\t\t\t\t\t\t<div class=\"elementor-element elementor-element-b9a59ba elementor-position-top elementor-widget elementor-widget-image-box\" data-id=\"b9a59ba\" data-element_type=\"widget\" data-e-type=\"widget\" data-widget_type=\"image-box.default\">\n\t\t\t\t<div class=\"elementor-widget-container\">\n\t\t\t\t\t<div class=\"elementor-image-box-wrapper\"><figure class=\"elementor-image-box-img\"><img loading=\"lazy\" decoding=\"async\" width=\"78\" height=\"78\" src=\"https:\/\/emonacenter.com\/wp-content\/uploads\/2022\/12\/Group-427322621.png\" class=\"attachment-full size-full wp-image-3668\" alt=\"\" \/><\/figure><div class=\"elementor-image-box-content\"><h3 class=\"elementor-image-box-title\">Fast Service  <\/h3><p class=\"elementor-image-box-description\">Professional and fast service<\/p><\/div><\/div>\t\t\t\t<\/div>\n\t\t\t\t<\/div>\n\t\t\t\t\t<\/div>\n\t\t<\/div>\n\t\t\t\t<div class=\"elementor-column elementor-col-33 elementor-inner-column elementor-element elementor-element-2ccfde1\" data-id=\"2ccfde1\" data-element_type=\"column\" data-e-type=\"column\">\n\t\t\t<div class=\"elementor-widget-wrap elementor-element-populated\">\n\t\t\t\t\t\t<div class=\"elementor-element elementor-element-f0fcacc elementor-position-top elementor-widget elementor-widget-image-box\" data-id=\"f0fcacc\" data-element_type=\"widget\" data-e-type=\"widget\" data-widget_type=\"image-box.default\">\n\t\t\t\t<div class=\"elementor-widget-container\">\n\t\t\t\t\t<div class=\"elementor-image-box-wrapper\"><figure class=\"elementor-image-box-img\"><img loading=\"lazy\" decoding=\"async\" width=\"78\" height=\"78\" src=\"https:\/\/emonacenter.com\/wp-content\/uploads\/2022\/12\/Group-427322618.png\" class=\"attachment-full size-full wp-image-3670\" alt=\"\" \/><\/figure><div class=\"elementor-image-box-content\"><h3 class=\"elementor-image-box-title\">  Correctness <\/h3><p class=\"elementor-image-box-description\">We make sure to always be correct<\/p><\/div><\/div>\t\t\t\t<\/div>\n\t\t\t\t<\/div>\n\t\t\t\t\t<\/div>\n\t\t<\/div>\n\t\t\t\t<div class=\"elementor-column elementor-col-33 elementor-inner-column elementor-element elementor-element-ddb7260\" data-id=\"ddb7260\" data-element_type=\"column\" data-e-type=\"column\">\n\t\t\t<div class=\"elementor-widget-wrap elementor-element-populated\">\n\t\t\t\t\t\t<div class=\"elementor-element elementor-element-accaf70 elementor-position-top elementor-widget elementor-widget-image-box\" data-id=\"accaf70\" data-element_type=\"widget\" data-e-type=\"widget\" data-widget_type=\"image-box.default\">\n\t\t\t\t<div class=\"elementor-widget-container\">\n\t\t\t\t\t<div class=\"elementor-image-box-wrapper\"><figure class=\"elementor-image-box-img\"><img loading=\"lazy\" decoding=\"async\" width=\"78\" height=\"78\" src=\"https:\/\/emonacenter.com\/wp-content\/uploads\/2022\/12\/Group-427322621-1.png\" class=\"attachment-full size-full wp-image-3671\" alt=\"\" \/><\/figure><div class=\"elementor-image-box-content\"><h3 class=\"elementor-image-box-title\">Staff Preparation<\/h3><p class=\"elementor-image-box-description\">To offer the trainings <br> necessary for our staff<\/p><\/div><\/div>\t\t\t\t<\/div>\n\t\t\t\t<\/div>\n\t\t\t\t\t<\/div>\n\t\t<\/div>\n\t\t\t\t\t<\/div>\n\t\t<\/section>\n\t\t\t\t\t<\/div>\n\t\t<\/div>\n\t\t\t\t\t<\/div>\n\t\t<\/section>\n\t\t\t\t<section class=\"elementor-section elementor-top-section elementor-element elementor-element-d2b40fd elementor-section-boxed elementor-section-height-default elementor-section-height-default\" data-id=\"d2b40fd\" data-element_type=\"section\" data-e-type=\"section\" data-settings=\"{&quot;background_background&quot;:&quot;classic&quot;}\">\n\t\t\t\t\t\t<div class=\"elementor-container elementor-column-gap-default\">\n\t\t\t\t\t<div class=\"elementor-column elementor-col-100 elementor-top-column elementor-element elementor-element-9ceb56b\" data-id=\"9ceb56b\" data-element_type=\"column\" data-e-type=\"column\">\n\t\t\t<div class=\"elementor-widget-wrap elementor-element-populated\">\n\t\t\t\t\t\t<section class=\"elementor-section elementor-inner-section elementor-element elementor-element-dfe1a85 elementor-section-boxed elementor-section-height-default elementor-section-height-default\" data-id=\"dfe1a85\" data-element_type=\"section\" data-e-type=\"section\" id=\"menaxhmenti\">\n\t\t\t\t\t\t<div class=\"elementor-container elementor-column-gap-default\">\n\t\t\t\t\t<div class=\"elementor-column elementor-col-50 elementor-inner-column elementor-element elementor-element-50bf345\" data-id=\"50bf345\" data-element_type=\"column\" data-e-type=\"column\">\n\t\t\t<div class=\"elementor-widget-wrap elementor-element-populated\">\n\t\t\t\t\t\t<div class=\"elementor-element elementor-element-b62b22f elementor-widget elementor-widget-heading\" data-id=\"b62b22f\" data-element_type=\"widget\" data-e-type=\"widget\" data-widget_type=\"heading.default\">\n\t\t\t\t<div class=\"elementor-widget-container\">\n\t\t\t\t\t<h2 class=\"elementor-heading-title elementor-size-default\">Fantastic <br>Teamwork<\/h2>\t\t\t\t<\/div>\n\t\t\t\t<\/div>\n\t\t\t\t<div class=\"elementor-element elementor-element-3ab5c77 elementor-widget elementor-widget-text-editor\" data-id=\"3ab5c77\" data-element_type=\"widget\" data-e-type=\"widget\" data-widget_type=\"text-editor.default\">\n\t\t\t\t<div class=\"elementor-widget-container\">\n\t\t\t\t\t\t\t\t\t<p><span style=\"font-weight: 400;\">Behind all the amazing things you see,\u00a0<\/span><\/p><p><span style=\"font-weight: 400;\">is our hard-working\u00a0<\/span><\/p><p><span style=\"font-weight: 400;\">&amp; fantastic team.\u00a0<\/span><\/p><p><span style=\"font-weight: 400;\">&nbsp;<\/span><\/p>\t\t\t\t\t\t\t\t<\/div>\n\t\t\t\t<\/div>\n\t\t\t\t\t<\/div>\n\t\t<\/div>\n\t\t\t\t<div class=\"elementor-column elementor-col-50 elementor-inner-column elementor-element elementor-element-48ff951\" data-id=\"48ff951\" data-element_type=\"column\" data-e-type=\"column\">\n\t\t\t<div class=\"elementor-widget-wrap elementor-element-populated\">\n\t\t\t\t\t\t<div class=\"elementor-element elementor-element-c9df4e0 elementor-widget elementor-widget-image\" data-id=\"c9df4e0\" data-element_type=\"widget\" data-e-type=\"widget\" data-widget_type=\"image.default\">\n\t\t\t\t<div class=\"elementor-widget-container\">\n\t\t\t\t\t\t\t\t\t\t\t\t\t\t\t<img loading=\"lazy\" decoding=\"async\" width=\"800\" height=\"534\" src=\"https:\/\/emonacenter.com\/wp-content\/uploads\/2022\/11\/87885529_3624869394251883_3377294932745125888_n-1024x683.jpg\" class=\"attachment-large size-large wp-image-649\" alt=\"\" srcset=\"https:\/\/emonacenter.com\/wp-content\/uploads\/2022\/11\/87885529_3624869394251883_3377294932745125888_n-1024x683.jpg 1024w, https:\/\/emonacenter.com\/wp-content\/uploads\/2022\/11\/87885529_3624869394251883_3377294932745125888_n-300x200.jpg 300w, https:\/\/emonacenter.com\/wp-content\/uploads\/2022\/11\/87885529_3624869394251883_3377294932745125888_n-768x512.jpg 768w, https:\/\/emonacenter.com\/wp-content\/uploads\/2022\/11\/87885529_3624869394251883_3377294932745125888_n-1536x1024.jpg 1536w, https:\/\/emonacenter.com\/wp-content\/uploads\/2022\/11\/87885529_3624869394251883_3377294932745125888_n.jpg 1920w\" sizes=\"(max-width: 800px) 100vw, 800px\" \/>\t\t\t\t\t\t\t\t\t\t\t\t\t\t\t<\/div>\n\t\t\t\t<\/div>\n\t\t\t\t\t<\/div>\n\t\t<\/div>\n\t\t\t\t\t<\/div>\n\t\t<\/section>\n\t\t\t\t\t<\/div>\n\t\t<\/div>\n\t\t\t\t\t<\/div>\n\t\t<\/section>\n\t\t\t\t<\/div>","protected":false},"excerpt":{"rendered":"<p>Rreth nesh Emona Center \u00ebsht\u00eb kompani n\u00eb sektorin e shitjes me shumic\u00eb, pakic\u00eb dhe nd\u00ebrtim. Fillet si biznes i familjes Mikullovci, datojn\u00eb q\u00eb nga viti 1976.Riza dhe Agron Mikullovci si themelues, hap\u00ebn rrug\u00ebn e tyre tek gjenerata e re me mesazhin e vet\u00ebm q\u00eb ti sh\u00ebrbejm\u00eb klient\u00ebve tan\u00eb me ndershm\u00ebri.Kompania jon\u00eb karakterizohet me nj\u00eb rritje [&hellip;]<\/p>\n","protected":false},"author":1,"featured_media":0,"parent":0,"menu_order":0,"comment_status":"closed","ping_status":"closed","template":"","meta":{"footnotes":""},"class_list":["post-240","page","type-page","status-publish","hentry"],"aioseo_notices":[],"_links":{"self":[{"href":"https:\/\/emonacenter.com\/en\/wp-json\/wp\/v2\/pages\/240","targetHints":{"allow":["GET"]}}],"collection":[{"href":"https:\/\/emonacenter.com\/en\/wp-json\/wp\/v2\/pages"}],"about":[{"href":"https:\/\/emonacenter.com\/en\/wp-json\/wp\/v2\/types\/page"}],"author":[{"embeddable":true,"href":"https:\/\/emonacenter.com\/en\/wp-json\/wp\/v2\/users\/1"}],"replies":[{"embeddable":true,"href":"https:\/\/emonacenter.com\/en\/wp-json\/wp\/v2\/comments?post=240"}],"version-history":[{"count":1,"href":"https:\/\/emonacenter.com\/en\/wp-json\/wp\/v2\/pages\/240\/revisions"}],"predecessor-version":[{"id":4626,"href":"https:\/\/emonacenter.com\/en\/wp-json\/wp\/v2\/pages\/240\/revisions\/4626"}],"wp:attachment":[{"href":"https:\/\/emonacenter.com\/en\/wp-json\/wp\/v2\/media?parent=240"}],"curies":[{"name":"wp","href":"https:\/\/api.w.org\/{rel}","templated":true}]}}