{"id":2857,"date":"2022-12-21T13:12:32","date_gmt":"2022-12-21T13:12:32","guid":{"rendered":"https:\/\/emonacenter.com\/wp\/?page_id=2857"},"modified":"2022-12-21T14:47:29","modified_gmt":"2022-12-21T14:47:29","slug":"account-manager","status":"publish","type":"page","link":"https:\/\/emonacenter.com\/en\/account-manager\/","title":{"rendered":"Account Manager"},"content":{"rendered":"<div data-elementor-type=\"wp-page\" data-elementor-id=\"2857\" class=\"elementor elementor-2857\" data-elementor-post-type=\"page\">\n\t\t\t\t\t\t<section class=\"elementor-section elementor-top-section elementor-element elementor-element-8adaa30 elementor-section-boxed elementor-section-height-default elementor-section-height-default\" data-id=\"8adaa30\" data-element_type=\"section\" data-e-type=\"section\">\n\t\t\t\t\t\t<div class=\"elementor-container elementor-column-gap-default\">\n\t\t\t\t\t<div class=\"elementor-column elementor-col-100 elementor-top-column elementor-element elementor-element-ff3bc49\" data-id=\"ff3bc49\" data-element_type=\"column\" data-e-type=\"column\">\n\t\t\t<div class=\"elementor-widget-wrap elementor-element-populated\">\n\t\t\t\t\t\t<section class=\"elementor-section elementor-inner-section elementor-element elementor-element-2db17dd elementor-section-full_width elementor-section-height-default elementor-section-height-default\" data-id=\"2db17dd\" data-element_type=\"section\" data-e-type=\"section\">\n\t\t\t\t\t\t<div class=\"elementor-container elementor-column-gap-default\">\n\t\t\t\t\t<div class=\"elementor-column elementor-col-100 elementor-inner-column elementor-element elementor-element-53b2172\" data-id=\"53b2172\" data-element_type=\"column\" data-e-type=\"column\">\n\t\t\t<div class=\"elementor-widget-wrap elementor-element-populated\">\n\t\t\t\t\t\t<div class=\"elementor-element elementor-element-1342ffd elementor-widget elementor-widget-text-editor\" data-id=\"1342ffd\" data-element_type=\"widget\" data-e-type=\"widget\" data-widget_type=\"text-editor.default\">\n\t\t\t\t<div class=\"elementor-widget-container\">\n\t\t\t\t\t\t\t\t\t<p>Titulli i Pun\u00ebs<\/p>\t\t\t\t\t\t\t\t<\/div>\n\t\t\t\t<\/div>\n\t\t\t\t<div class=\"elementor-element elementor-element-27ae176 elementor-widget elementor-widget-heading\" data-id=\"27ae176\" data-element_type=\"widget\" data-e-type=\"widget\" data-widget_type=\"heading.default\">\n\t\t\t\t<div class=\"elementor-widget-container\">\n\t\t\t\t\t<h2 class=\"elementor-heading-title elementor-size-default\">Account Manager<\/h2>\t\t\t\t<\/div>\n\t\t\t\t<\/div>\n\t\t\t\t\t<\/div>\n\t\t<\/div>\n\t\t\t\t\t<\/div>\n\t\t<\/section>\n\t\t\t\t\t<\/div>\n\t\t<\/div>\n\t\t\t\t\t<\/div>\n\t\t<\/section>\n\t\t\t\t<section class=\"elementor-section elementor-top-section elementor-element elementor-element-faf0e8c elementor-section-boxed elementor-section-height-default elementor-section-height-default\" data-id=\"faf0e8c\" data-element_type=\"section\" data-e-type=\"section\" data-settings=\"{&quot;background_background&quot;:&quot;classic&quot;}\">\n\t\t\t\t\t\t<div class=\"elementor-container elementor-column-gap-default\">\n\t\t\t\t\t<div class=\"elementor-column elementor-col-100 elementor-top-column elementor-element elementor-element-3a7b39a\" data-id=\"3a7b39a\" data-element_type=\"column\" data-e-type=\"column\">\n\t\t\t<div class=\"elementor-widget-wrap elementor-element-populated\">\n\t\t\t\t\t\t<div class=\"elementor-element elementor-element-547a021 elementor-widget elementor-widget-text-editor\" data-id=\"547a021\" data-element_type=\"widget\" data-e-type=\"widget\" data-widget_type=\"text-editor.default\">\n\t\t\t\t<div class=\"elementor-widget-container\">\n\t\t\t\t\t\t\t\t\t<p><strong>P\u00ebrgjegj\u00ebsit\u00eb e Account Managerit:<\/strong><\/p>\t\t\t\t\t\t\t\t<\/div>\n\t\t\t\t<\/div>\n\t\t\t\t<div class=\"elementor-element elementor-element-6d0e3bb elementor-widget elementor-widget-text-editor\" data-id=\"6d0e3bb\" data-element_type=\"widget\" data-e-type=\"widget\" data-widget_type=\"text-editor.default\">\n\t\t\t\t<div class=\"elementor-widget-container\">\n\t\t\t\t\t\t\t\t\t<p>Komunikimi me klient\u00ebt p\u00ebr t\u00eb kuptuar nevojat e tyre dhe p\u00ebr t\u00eb shpjeguar vler\u00ebn e produktit.<br \/>Nd\u00ebrtimi i marr\u00ebdh\u00ebnieve me klient\u00ebt bazuar n\u00eb besim dhe respekt.<br \/>Bashk\u00ebpunimi me departamentet e brendshme p\u00ebr t\u00eb leht\u00ebsuar plot\u00ebsimin e nevojave t\u00eb klientit.<br \/>Mbledhja dhe analizimi i t\u00eb dh\u00ebnave p\u00ebr t\u00eb m\u00ebsuar m\u00eb shum\u00eb rreth sjelljes s\u00eb konsumatorit.<br \/>Mbajtja e sh\u00ebnimeve t\u00eb sakta n\u00eb lidhje me inventarin dhe sh\u00ebnimet e llogaris\u00eb.<br \/>Mbajtja e njohurive t\u00eb p\u00ebrdit\u00ebsuara p\u00ebr produktet dhe sh\u00ebrbimet e kompanis\u00eb.<br \/>Zgjidhja e ankesave dhe parandalimi i \u00e7\u00ebshtjeve shtes\u00eb duke p\u00ebrmir\u00ebsuar proceset.<br \/>Identifikimi i tendencave t\u00eb industris\u00eb.<br \/>Duke vepruar si nj\u00eb avokat klienti me fokus n\u00eb p\u00ebrmir\u00ebsimin e p\u00ebrvoj\u00ebs s\u00eb bler\u00ebsit.<\/p>\t\t\t\t\t\t\t\t<\/div>\n\t\t\t\t<\/div>\n\t\t\t\t<div class=\"elementor-element elementor-element-8175a3d elementor-widget elementor-widget-text-editor\" data-id=\"8175a3d\" data-element_type=\"widget\" data-e-type=\"widget\" data-widget_type=\"text-editor.default\">\n\t\t\t\t<div class=\"elementor-widget-container\">\n\t\t\t\t\t\t\t\t\t<p><strong>P\u00ebrgjegj\u00ebsit\u00eb e Account Managerit:<\/strong><\/p>\t\t\t\t\t\t\t\t<\/div>\n\t\t\t\t<\/div>\n\t\t\t\t<div class=\"elementor-element elementor-element-5fed760 elementor-widget elementor-widget-text-editor\" data-id=\"5fed760\" data-element_type=\"widget\" data-e-type=\"widget\" data-widget_type=\"text-editor.default\">\n\t\t\t\t<div class=\"elementor-widget-container\">\n\t\t\t\t\t\t\t\t\t<p>Diplom\u00eb Bachelor n\u00eb shitje, komunikim ose fusha t\u00eb ngjashme.<br \/>Mund t\u00eb preferohet m\u00eb shum\u00eb arsim ose p\u00ebrvoj\u00eb.<br \/>Aft\u00ebsi t\u00eb jasht\u00ebzakonshme komunikimi verbale dhe t\u00eb shkruara.<br \/>Aft\u00ebsia p\u00ebr t\u00eb mbledhur, gjurmuar dhe analizuar sasi t\u00eb m\u00ebdha t\u00eb dh\u00ebnash.<br \/>P\u00ebrshtatshm\u00ebri dhe aft\u00ebsi t\u00eb forta p\u00ebr zgjidhjen e problemeve.<br \/>Aft\u00ebsi t\u00eb shk\u00eblqyera t\u00eb t\u00eb d\u00ebgjuarit aktiv.<br \/>Aft\u00ebsia p\u00ebr t\u00eb krijuar raporte dhe p\u00ebr t\u00eb bashk\u00ebpunuar me t\u00eb tjer\u00ebt brenda kompanis\u00eb dhe jasht\u00eb saj.<br \/>Kuptimi i sjelljeve t\u00eb konsumator\u00ebve dhe tendencave t\u00eb industris\u00eb.<br \/>Njohuri t\u00eb gjera dhe t\u00eb sakta p\u00ebr produktin.<\/p>\t\t\t\t\t\t\t\t<\/div>\n\t\t\t\t<\/div>\n\t\t\t\t\t<\/div>\n\t\t<\/div>\n\t\t\t\t\t<\/div>\n\t\t<\/section>\n\t\t\t\t<\/div>","protected":false},"excerpt":{"rendered":"<p>Titulli i Pun\u00ebs Account Manager P\u00ebrgjegj\u00ebsit\u00eb e Account Managerit: Komunikimi me klient\u00ebt p\u00ebr t\u00eb kuptuar nevojat e tyre dhe p\u00ebr t\u00eb shpjeguar vler\u00ebn e produktit.Nd\u00ebrtimi i marr\u00ebdh\u00ebnieve me klient\u00ebt bazuar n\u00eb besim dhe respekt.Bashk\u00ebpunimi me departamentet e brendshme p\u00ebr t\u00eb leht\u00ebsuar plot\u00ebsimin e nevojave t\u00eb klientit.Mbledhja dhe analizimi i t\u00eb dh\u00ebnave p\u00ebr t\u00eb m\u00ebsuar m\u00eb [&hellip;]<\/p>\n","protected":false},"author":1,"featured_media":0,"parent":0,"menu_order":0,"comment_status":"closed","ping_status":"closed","template":"","meta":{"footnotes":""},"class_list":["post-2857","page","type-page","status-publish","hentry"],"aioseo_notices":[],"_links":{"self":[{"href":"https:\/\/emonacenter.com\/en\/wp-json\/wp\/v2\/pages\/2857","targetHints":{"allow":["GET"]}}],"collection":[{"href":"https:\/\/emonacenter.com\/en\/wp-json\/wp\/v2\/pages"}],"about":[{"href":"https:\/\/emonacenter.com\/en\/wp-json\/wp\/v2\/types\/page"}],"author":[{"embeddable":true,"href":"https:\/\/emonacenter.com\/en\/wp-json\/wp\/v2\/users\/1"}],"replies":[{"embeddable":true,"href":"https:\/\/emonacenter.com\/en\/wp-json\/wp\/v2\/comments?post=2857"}],"version-history":[{"count":0,"href":"https:\/\/emonacenter.com\/en\/wp-json\/wp\/v2\/pages\/2857\/revisions"}],"wp:attachment":[{"href":"https:\/\/emonacenter.com\/en\/wp-json\/wp\/v2\/media?parent=2857"}],"curies":[{"name":"wp","href":"https:\/\/api.w.org\/{rel}","templated":true}]}}